{"id":568,"date":"2016-01-28T11:18:36","date_gmt":"2016-01-28T10:18:36","guid":{"rendered":"http:\/\/213.238.59.31\/?page_id=568"},"modified":"2016-01-29T14:28:39","modified_gmt":"2016-01-29T13:28:39","slug":"familiengeschichte","status":"publish","type":"page","link":"https:\/\/von.Borcke.com\/?page_id=568","title":{"rendered":"Familiengeschichte"},"content":{"rendered":"<p>In diesem Bereich der Seite erfahren sie etwas \u00fcber den Geschichtlichen Hintergrund unserer Familie bezogen auf einzelne Personen der Familie. Ebenfalls k\u00f6nnen sie Geschichtliche Bilder betrachten.<\/p>\n<ul>\n<li id=\"inhaltsverzeichnis\"><a id=\"inhaltsverzeichnis\" href=\"\/?page_id=572\"> Personenbeschreibung <\/a><\/li>\n<li id=\"inhaltsverzeichnis\"><a id=\"inhaltsverzeichnis\" href=\"\/?page_id=574\"> Gener\u00e4le <\/a><\/li>\n<li id=\"inhaltsverzeichnis\"><a id=\"inhaltsverzeichnis\" href=\"\/?page_id=576\"> Geschichtliche Bilder <\/a><\/li>\n<\/ul>\n","protected":false},"excerpt":{"rendered":"<p>In diesem Bereich der Seite erfahren sie etwas \u00fcber den Geschichtlichen Hintergrund unserer Familie bezogen auf einzelne Personen der Familie. Ebenfalls k\u00f6nnen sie Geschichtliche Bilder betrachten. Personenbeschreibung Gener\u00e4le Geschichtliche Bilder<\/p>\n","protected":false},"author":2,"featured_media":0,"parent":0,"menu_order":10,"comment_status":"closed","ping_status":"closed","template":"","meta":{"ngg_post_thumbnail":0,"footnotes":""},"class_list":["post-568","page","type-page","status-publish","hentry"],"_links":{"self":[{"href":"https:\/\/von.Borcke.com\/index.php?rest_route=\/wp\/v2\/pages\/568","targetHints":{"allow":["GET"]}}],"collection":[{"href":"https:\/\/von.Borcke.com\/index.php?rest_route=\/wp\/v2\/pages"}],"about":[{"href":"https:\/\/von.Borcke.com\/index.php?rest_route=\/wp\/v2\/types\/page"}],"author":[{"embeddable":true,"href":"https:\/\/von.Borcke.com\/index.php?rest_route=\/wp\/v2\/users\/2"}],"replies":[{"embeddable":true,"href":"https:\/\/von.Borcke.com\/index.php?rest_route=%2Fwp%2Fv2%2Fcomments&post=568"}],"version-history":[{"count":4,"href":"https:\/\/von.Borcke.com\/index.php?rest_route=\/wp\/v2\/pages\/568\/revisions"}],"predecessor-version":[{"id":1498,"href":"https:\/\/von.Borcke.com\/index.php?rest_route=\/wp\/v2\/pages\/568\/revisions\/1498"}],"wp:attachment":[{"href":"https:\/\/von.Borcke.com\/index.php?rest_route=%2Fwp%2Fv2%2Fmedia&parent=568"}],"curies":[{"name":"wp","href":"https:\/\/api.w.org\/{rel}","templated":true}]}}