{"id":1538,"date":"2016-02-17T09:41:08","date_gmt":"2016-02-17T08:41:08","guid":{"rendered":"http:\/\/213.238.59.31\/?page_id=1538"},"modified":"2016-02-17T10:29:08","modified_gmt":"2016-02-17T09:29:08","slug":"polskie-dokumenty","status":"publish","type":"page","link":"https:\/\/von.Borcke.com\/?page_id=1538","title":{"rendered":"Polskie Dokumenty"},"content":{"rendered":"<p><strong>Dokumenty w j\u0119zyku polskim<\/strong><\/p>\n<p><strong>Dokumente in polnischer Sprache<\/p>\n<ul>\n<li id=\"inhaltsverzeichnis\"><a id=\"inhaltsverzeichnis\" href=\"wp-content\/uploads\/2016\/02\/ostateczna__historia_rodu_v_Borcke.doc\" target=\"_blank\">Historia rodziny von Borcke<\/a> <\/li>\n<li id=\"inhaltsverzeichnis\"><a id=\"inhaltsverzeichnis\" href=\"wp-content\/uploads\/2016\/02\/ostateczna__historia_rodu_v_Borcke.doc\">Ko\u015bci&oacute;\u0142 w Wysiedlu<\/a><\/li>\n<\/ul>\n<div align=\"center\" style=\"margin-top: 50px;\">\n<a href=\"wp-content\/uploads\/2016\/02\/2006_0512BilderEigene0230_reduziert.jpg\" rel=\"attachment wp-att-1558\"><img decoding=\"async\" src=\"http:\/\/213.238.59.31\/wp-content\/uploads\/2016\/02\/2006_0512BilderEigene0230_reduziert.jpg\" alt=\"2006_0512BilderEigene0230_reduziert\" width=\"500\" class=\"alignnone size-full wp-image-1558\" srcset=\"http:\/\/von.Borcke.com\/wp-content\/uploads\/2016\/02\/2006_0512BilderEigene0230_reduziert.jpg 500w, http:\/\/von.Borcke.com\/wp-content\/uploads\/2016\/02\/2006_0512BilderEigene0230_reduziert-300x225.jpg 300w\" sizes=\"(max-width: 500px) 100vw, 500px\" \/><\/a>\n<\/div>\n<div style=\"margin-top:80px;padding-left:50px;padding-right:50px;\">\n<table border=0 width=\"100%\">\n<tr>\n<td width=\"50%\" align=\"center\"><b>Powiat Lobeski<\/b><\/td>\n<td width=\"50%\" align=\"center\"><b>Lobez<\/b><\/td>\n<\/tr>\n<\/table>\n<\/div>\n<div align=\"center\" style=\"height:250px;\">\n<div style=\"padding-left:100px;padding-right:100px;\">\n<a href=\"wp-content\/uploads\/2016\/02\/Wappen_Landkreis_Lobez.jpg\" rel=\"attachment wp-att-1564\"><img decoding=\"async\" src=\"wp-content\/uploads\/2016\/02\/Wappen_Landkreis_Lobez.jpg\" alt=\"Wappen_Landkreis_Lobez\" width=\"200\"  class=\"alignnone size-full wp-image-1564\" style=\"float:left;\"\/><\/a><\/p>\n<p><a href=\"http:\/\/213.238.59.31\/wp-content\/uploads\/2016\/02\/Labes__Lobez.jpg\" rel=\"attachment wp-att-1560\"><img decoding=\"async\" src=\"http:\/\/213.238.59.31\/wp-content\/uploads\/2016\/02\/Labes__Lobez.jpg\" alt=\"Labes__Lobez\" width=\"200\"  class=\"alignnone size-full wp-image-1560\" style=\"float:right;\"\/><\/a>\n<\/div>\n<\/div>\n<div width=\"100%\" align=\"center\" style=\"height:35px;margin-top:  50px;\">\n<b>Strzmiele Borkowie 10. 2003<\/b>\n<\/div>\n<div align=\"center\">\n<a href=\"wp-content\/uploads\/2016\/02\/STRZMIELE_BORKOWIE_ST058.jpg\" rel=\"attachment wp-att-1558\"><img decoding=\"async\" src=\"wp-content\/uploads\/2016\/02\/STRZMIELE_BORKOWIE_ST058.jpg\" alt=\"2006_0512BilderEigene0230_reduziert\" width=\"500\" class=\"alignnone size-full wp-image-1558\" \/><\/a>\n<\/div>\n<div width=\"100%\" align=\"center\" style=\"height:35px;margin-top:50px;\">\n<\/div>\n","protected":false},"excerpt":{"rendered":"<p>Dokumenty w j\u0119zyku polskim Dokumente in polnischer Sprache Historia rodziny von Borcke Ko\u015bci&oacute;\u0142 w Wysiedlu Powiat Lobeski Lobez Strzmiele Borkowie 10. 2003<\/p>\n","protected":false},"author":2,"featured_media":0,"parent":0,"menu_order":18,"comment_status":"closed","ping_status":"closed","template":"","meta":{"ngg_post_thumbnail":0,"footnotes":""},"class_list":["post-1538","page","type-page","status-publish","hentry"],"_links":{"self":[{"href":"https:\/\/von.Borcke.com\/index.php?rest_route=\/wp\/v2\/pages\/1538","targetHints":{"allow":["GET"]}}],"collection":[{"href":"https:\/\/von.Borcke.com\/index.php?rest_route=\/wp\/v2\/pages"}],"about":[{"href":"https:\/\/von.Borcke.com\/index.php?rest_route=\/wp\/v2\/types\/page"}],"author":[{"embeddable":true,"href":"https:\/\/von.Borcke.com\/index.php?rest_route=\/wp\/v2\/users\/2"}],"replies":[{"embeddable":true,"href":"https:\/\/von.Borcke.com\/index.php?rest_route=%2Fwp%2Fv2%2Fcomments&post=1538"}],"version-history":[{"count":47,"href":"https:\/\/von.Borcke.com\/index.php?rest_route=\/wp\/v2\/pages\/1538\/revisions"}],"predecessor-version":[{"id":1552,"href":"https:\/\/von.Borcke.com\/index.php?rest_route=\/wp\/v2\/pages\/1538\/revisions\/1552"}],"wp:attachment":[{"href":"https:\/\/von.Borcke.com\/index.php?rest_route=%2Fwp%2Fv2%2Fmedia&parent=1538"}],"curies":[{"name":"wp","href":"https:\/\/api.w.org\/{rel}","templated":true}]}}