{"id":1010,"date":"2016-01-29T11:29:07","date_gmt":"2016-01-29T10:29:07","guid":{"rendered":"http:\/\/213.238.59.31\/?page_id=1010"},"modified":"2016-02-17T09:38:19","modified_gmt":"2016-02-17T08:38:19","slug":"borcke-gedicht","status":"publish","type":"page","link":"https:\/\/von.Borcke.com\/?page_id=1010","title":{"rendered":"Borcke Gedicht"},"content":{"rendered":"<div class=\"gedicht\" style=\"padding-bottom:30px;padding-top:30px;width:100%;text-align:center;font-weight:bold;background-image: url(wp-content\/uploads\/2016\/01\/texture_d_by_knald-e1454063731231.jpg);border-radius:30px;\">\n<h1 align=\"center\">von BORCKE<\/h1>\n<p>    <img decoding=\"async\" src=\"wp-content\/uploads\/2016\/01\/gedicht_wappen.bmp\" width=\"180px\" align=\"center\"style=\"border-radius:5px;margin:20px;\" border=1 ><\/p>\n<p>Die Borcke f\u00fchren zwei W\u00f6lfe in ihrem goldenen Schild,<br \/>\nzwei W\u00f6lfe mit goldenen Kronen, ihr uralt Wappenbild.<\/p>\n<p>Die Borcke, das sind die W\u00f6lfe, schrecklich in Kriegesgewalt,<br \/>\nim Spr\u00fcchwort hei\u00dft es:<br \/>\n<i>&#8222;Die Borcke sind wie der Teufel so alt&#8220;<\/i> *);<\/p>\n<p>denn wo in den fr\u00fchesten Zeiten der Pommern Erw\u00e4hnung geschah,<br \/>\nda waren die blutigen W\u00f6lfe, da waren die Borcke schon da.<\/p>\n<p>Die W\u00f6lfe sind golden bekr\u00f6net, den. F\u00fcrsten mit Kronen gleich,<br \/>\nso haben die Borcke geboten in ihrem eigenen Reich.<\/p>\n<p>sie haben St\u00e4dte gegr\u00fcndet, die heute noch stattlich stehen,<br \/>\nund manche adlige Sippe ging bei den Borcken zu Lehen.<\/p>\n<p>Frei sa\u00dfen auf hohen Burgen die Borcke in eigenem Land,<br \/>\nsie waren mit keinem Eide &#8217;nem F\u00fcrstenhause verwandt.<\/p>\n<p>so bl\u00fchte durch manch&#8216; Jahrhundert der Borcke trutzig Geschlecht,<br \/>\nbis in dem Lauf der Zeiten sie beugte ein neues Recht.<\/p>\n<p>Da kam von dem gro\u00dfen Hause die \u00fcbergewaltige Macht.<br \/>\nDoch wurden die alten Ehren zu neuem Gl\u00e4nze gebracht.<\/p>\n<p>Es blieb der Pommerschen Sippe das trutzige Heldenblut,<br \/>\nes blieb der gl\u00fchende Eifer, der alte wagliche Muth.<\/p>\n<p>Sie schlugen die Schlachten des K\u00f6nigs, sie sa\u00dfen in seinem Rath,<br \/>\nsie traten in die Geschichte mit mancher gl\u00e4nzenden That,<\/p>\n<p>gewannen die h\u00f6chsten Ehren, die sich der Krieger erringt,<br \/>\nund viele der hohen W\u00fcrden, wie sie der Frieden bringt <\/p>\n<p>und f\u00fchrten die alten Borcke das Schwert mit m\u00e4chtiger Hand,<br \/>\nund sa\u00dfen sie St\u00e4dte beherrschend, wie F\u00fcrsten im eigenen Land,<\/p>\n<p>so haben die S\u00f6hne und Enkel auf einer anderen Bahn<br \/>\nwie ihre gewaltigen Ahnen mit k\u00fchnem Muth Gro\u00dfes gethan.\n<\/p><\/div>\n<div style=\"width:100%;margin-top:50px;\">\n*) Das Spr\u00fcchwort lautet: <i>\u201eDat is so old, as de Borcken und de D\u00fcwel.&#8220;<\/i><\/p>\n<p>Ein anderes pommersches Spr\u00fcchwort sagt:<br \/>\nDe Borcken Moth,<br \/>\nde Glasenappen Good,<br \/>\nde Wedeln Tritt,<br \/>\nwe dat het, de kummt mit!<\/p>\n<p>Aus \u201eWappensagen&#8220; von George Hesekiel. Berlin, Verlag von Ludwig Rauh, ca. 1860\n<\/p><\/div>\n","protected":false},"excerpt":{"rendered":"<p>von BORCKE Die Borcke f\u00fchren zwei W\u00f6lfe in ihrem goldenen Schild, zwei W\u00f6lfe mit goldenen Kronen, ihr uralt Wappenbild. Die Borcke, das sind die W\u00f6lfe, schrecklich in Kriegesgewalt, im Spr\u00fcchwort hei\u00dft es: &#8222;Die Borcke sind wie der Teufel so alt&#8220; *); denn wo in den fr\u00fchesten Zeiten der Pommern Erw\u00e4hnung geschah, da waren die blutigen [&hellip;]<\/p>\n","protected":false},"author":2,"featured_media":0,"parent":882,"menu_order":5,"comment_status":"closed","ping_status":"closed","template":"","meta":{"ngg_post_thumbnail":0,"footnotes":""},"class_list":["post-1010","page","type-page","status-publish","hentry"],"_links":{"self":[{"href":"https:\/\/von.Borcke.com\/index.php?rest_route=\/wp\/v2\/pages\/1010","targetHints":{"allow":["GET"]}}],"collection":[{"href":"https:\/\/von.Borcke.com\/index.php?rest_route=\/wp\/v2\/pages"}],"about":[{"href":"https:\/\/von.Borcke.com\/index.php?rest_route=\/wp\/v2\/types\/page"}],"author":[{"embeddable":true,"href":"https:\/\/von.Borcke.com\/index.php?rest_route=\/wp\/v2\/users\/2"}],"replies":[{"embeddable":true,"href":"https:\/\/von.Borcke.com\/index.php?rest_route=%2Fwp%2Fv2%2Fcomments&post=1010"}],"version-history":[{"count":34,"href":"https:\/\/von.Borcke.com\/index.php?rest_route=\/wp\/v2\/pages\/1010\/revisions"}],"predecessor-version":[{"id":1484,"href":"https:\/\/von.Borcke.com\/index.php?rest_route=\/wp\/v2\/pages\/1010\/revisions\/1484"}],"up":[{"embeddable":true,"href":"https:\/\/von.Borcke.com\/index.php?rest_route=\/wp\/v2\/pages\/882"}],"wp:attachment":[{"href":"https:\/\/von.Borcke.com\/index.php?rest_route=%2Fwp%2Fv2%2Fmedia&parent=1010"}],"curies":[{"name":"wp","href":"https:\/\/api.w.org\/{rel}","templated":true}]}}